{"id":99,"date":"2022-01-19T01:25:20","date_gmt":"2022-01-19T01:25:20","guid":{"rendered":"https:\/\/www.institutogenesis.edu.co\/?page_id=99"},"modified":"2024-02-14T01:17:47","modified_gmt":"2024-02-14T01:17:47","slug":"aliados-estrategicos","status":"publish","type":"page","link":"https:\/\/www.institutogenesis.edu.co\/?page_id=99","title":{"rendered":"Aliados Estrategicos"},"content":{"rendered":"\n\n\n<h2>Aliados Estrat\u00e9gicos<\/h2>\n<p>Sabemos que la educaci\u00f3n no termina con los saberes del Bachillerato, es por ello que el Instituto G\u00e9nesis brinda a nuestros estudiantes diferentes convenios para su camino educativo, es por ello que ofrecemos carreras t\u00e9cnicas, tecnol\u00f3gicas y profesionales en aras de alcanzar sus metas y objetivos tanto profesionales como acad\u00e9micos.<br><\/p>\n\n\n\n\n\n\n<h6>El\npolit\u00e9cnico G\u00e9nesis brinda a los egresados los programa de:<\/h6><h6><ul><li><span style=\"font-weight: 400;\">T\u00e9cnico laboral<span style=\"font-size:normal;\"><\/span> por competencias en auxiliar de educaci\u00f3n para la primera infancia.<\/span><\/li><li><span style=\"font-weight: 400;\">T\u00e9cnico laboral por competencias en auxiliar de sistemas.<\/span><\/li><\/ul><p class=\"MsoNormal\">Contacto: <span style=\"font-weight: normal;\">300 742 23 12 \u2013 301 654 82 69<\/span><\/p><p class=\"MsoNormal\">Web: <span style=\"font-weight: normal;\">www.politecnicogenesis.edu.co<\/span><\/p><\/h6>\n\n\n<h6>La Universidad Aut\u00f3noma ofrece a los egresados de g\u00e9nesis:<\/h6><h6 style=\"padding: 0px; margin: 0px; background-color: rgb(255, 255, 255);\"><span style=\"padding: 0px; margin: 0px; overflow-wrap: break-word; color: rgb(7, 6, 6); font-family: Ubuntu; font-size: 16px;\"><br style=\"padding: 0px; margin: 0px; overflow-wrap: break-word;\"><\/span><\/h6><p style=\"padding: 0px; margin: 0px; background-color: rgb(255, 255, 255);\">Descuentos en todos sus programas adem\u00e1s de gestionar cr\u00e9ditos directos con el ICETEX para estudiar cualquier programa que oferte la Universidad.<\/p><p style=\"padding: 0px; margin: 0px; background-color: rgb(255, 255, 255);\"><span style=\"font-weight: bolder; padding: 0px; margin: 0px; overflow-wrap: break-word;\"><br style=\"padding: 0px; margin: 0px; overflow-wrap: break-word;\">Contacto-PBX<\/span>: 352 99 90 \/ 352 99 75 \/ 334 36 96<span style=\"font-weight: bolder; padding: 0px; margin: 0px; overflow-wrap: break-word;\"><br style=\"padding: 0px; margin: 0px; overflow-wrap: break-word;\"><\/span><\/p><h6><span style=\"color: rgb(7, 6, 6); font-family: Ubuntu; font-size: 16px; font-weight: bolder; padding: 0px; margin: 0px; overflow-wrap: break-word;\">Web<\/span><span style=\"background-color: rgb(255, 255, 255); color: rgb(7, 6, 6); font-family: Ubuntu; font-size: 16px;\">: <span style=\"font-weight: normal;\">http:\/\/www.fuac.edu.co<\/span><\/span><\/h6>\n\n\n<h6><span style=\"font-weight: normal;\">La Uniremington ofrece a los egresados de g\u00e9nesis, programas presenciales, semi presenciales y virtuales, en todas sus carreras universitarias profesionales en el nuevo campus de la ciudad de Bogot\u00e1.<\/span><\/h6><h6>Contacto: <span style=\"font-weight: normal;\">(601)3078019<\/span><\/h6><h6>Web: <span style=\"font-weight: normal;\">https:\/\/www.uniremington.edu.co\/bogota\/<\/span><\/h6>\n\n\n<h6 style=\"padding: 0px; margin: 0px; background-color: rgb(255, 255, 255);\"><font color=\"#070606\" face=\"Ubuntu\" style=\"padding: 0px; margin: 0px; overflow-wrap: break-word;\"><span style=\"padding: 0px; margin: 0px; overflow-wrap: break-word; font-size: 16px; font-weight: normal;\">La Unigermana ofrece a los egresados, programa t\u00e9cnicos, tecnol\u00f3gicos y profesionales, en modalidades presencial, semi presencial y virtuales.<\/span><\/font><br style=\"padding: 0px; margin: 0px; overflow-wrap: break-word;\"><\/h6><div><br><\/div>\n\n\n\n\n\n\n\n\n\n","protected":false},"excerpt":{"rendered":"","protected":false},"author":1,"featured_media":0,"parent":0,"menu_order":0,"comment_status":"closed","ping_status":"closed","template":"","meta":{"pagelayer_contact_templates":[],"_pagelayer_content":"","footnotes":""},"class_list":["post-99","page","type-page","status-publish","hentry"],"_links":{"self":[{"href":"https:\/\/www.institutogenesis.edu.co\/index.php?rest_route=\/wp\/v2\/pages\/99","targetHints":{"allow":["GET"]}}],"collection":[{"href":"https:\/\/www.institutogenesis.edu.co\/index.php?rest_route=\/wp\/v2\/pages"}],"about":[{"href":"https:\/\/www.institutogenesis.edu.co\/index.php?rest_route=\/wp\/v2\/types\/page"}],"author":[{"embeddable":true,"href":"https:\/\/www.institutogenesis.edu.co\/index.php?rest_route=\/wp\/v2\/users\/1"}],"replies":[{"embeddable":true,"href":"https:\/\/www.institutogenesis.edu.co\/index.php?rest_route=%2Fwp%2Fv2%2Fcomments&post=99"}],"version-history":[{"count":20,"href":"https:\/\/www.institutogenesis.edu.co\/index.php?rest_route=\/wp\/v2\/pages\/99\/revisions"}],"predecessor-version":[{"id":554,"href":"https:\/\/www.institutogenesis.edu.co\/index.php?rest_route=\/wp\/v2\/pages\/99\/revisions\/554"}],"wp:attachment":[{"href":"https:\/\/www.institutogenesis.edu.co\/index.php?rest_route=%2Fwp%2Fv2%2Fmedia&parent=99"}],"curies":[{"name":"wp","href":"https:\/\/api.w.org\/{rel}","templated":true}]}}