{"id":87,"date":"2022-01-19T00:58:30","date_gmt":"2022-01-19T00:58:30","guid":{"rendered":"https:\/\/www.institutogenesis.edu.co\/?page_id=68"},"modified":"2022-03-04T22:14:03","modified_gmt":"2022-03-04T22:14:03","slug":"sede-espinal","status":"publish","type":"page","link":"https:\/\/www.institutogenesis.edu.co\/?page_id=87","title":{"rendered":"Sede Espinal"},"content":{"rendered":"\n\n\n\n<p>SeDE Espinal<\/p>\n\n<p><span lang=\"ES\" style=\"font-size:12.0pt;line-height:\n107%;font-family:&quot;Times New Roman&quot;,serif;mso-fareast-font-family:&quot;Times New Roman&quot;;\nmso-ansi-language:ES;mso-fareast-language:ES;mso-bidi-language:AR-SA\">El\nInstituto G\u00e9nesis, es una entidad aprobada por la Secretaria de Educaci\u00f3n y\nCultura del Municipio del Tolima y se enmarca en la educaci\u00f3n de j\u00f3venes y\nadultos, desde una perspectiva humanista en el municipio del Espinal.<\/span><br><\/p>\n\n\n<p style=\"text-align: left;\">Aportar al desarrollo social, cultural y econ\u00f3mico del Municipio de Soacha, ofreciendo a j\u00f3venes y a adultos oportunidades de formaci\u00f3n y consolidaci\u00f3n como ser humano y ser competente cultural y socialmente, posibilitando sistem\u00e1tica y formalmente su promoci\u00f3n oportuna con eficacia y eficiencia.<\/p>\n<p style=\"text-align: left;\">El INSTITUTO EDUCATIVO PARA J\u00d3VENES Y ADULTOS DE SOACHA \u201cG\u00c9NESIS\u201d, en el a\u00f1o 2022 ser\u00e1 un centro de alta calidad, con identidad propia, l\u00edder en los procesos de formaci\u00f3n, capaz de asimilar nuevos paradigmas y de aplicar el saber innovador; enmarcada dentro de principios democr\u00e1ticos de justicia, tolerancia, solidaridad y participaci\u00f3n; comprometida con la transformaci\u00f3n social, econ\u00f3mica y pol\u00edtica; todo lo anterior, para favorecer el bien com\u00fan y el mejoramiento del nivel de vida.<\/p>\n<p style=\"text-align: left;\"><span lang=\"ES\" style=\"font-size:12.0pt;line-height:\n107%;font-family:&quot;Times New Roman&quot;,serif;mso-fareast-font-family:&quot;Times New Roman&quot;;\nmso-ansi-language:ES;mso-fareast-language:ES;mso-bidi-language:AR-SA\">Nuestro\nColegio se encuentra ubicado en la <b>Calle 14 No. 10 \u2013 64 en el Barrio\nCaballero y G\u00f3ngora \u2013 Espinal (Tolima), <\/b>desde all\u00ed hemos realizado nuestra\nlabor con esmero y dedicaci\u00f3n, estableciendo convenios con entidades de\neducaci\u00f3n media, t\u00e9cnica, tecnol\u00f3gica y superior que nos permite operar de\nmanera presencial, abierta&nbsp;y a distancia siguiendo los est\u00e1ndares\nnacionales y claro est\u00e1 el Decreto 3011 de 1997.<\/span><br><\/p>\n\n\n","protected":false},"excerpt":{"rendered":"","protected":false},"author":1,"featured_media":0,"parent":0,"menu_order":0,"comment_status":"closed","ping_status":"closed","template":"","meta":{"pagelayer_contact_templates":[],"_pagelayer_content":"","footnotes":""},"class_list":["post-87","page","type-page","status-publish","hentry"],"_links":{"self":[{"href":"https:\/\/www.institutogenesis.edu.co\/index.php?rest_route=\/wp\/v2\/pages\/87","targetHints":{"allow":["GET"]}}],"collection":[{"href":"https:\/\/www.institutogenesis.edu.co\/index.php?rest_route=\/wp\/v2\/pages"}],"about":[{"href":"https:\/\/www.institutogenesis.edu.co\/index.php?rest_route=\/wp\/v2\/types\/page"}],"author":[{"embeddable":true,"href":"https:\/\/www.institutogenesis.edu.co\/index.php?rest_route=\/wp\/v2\/users\/1"}],"replies":[{"embeddable":true,"href":"https:\/\/www.institutogenesis.edu.co\/index.php?rest_route=%2Fwp%2Fv2%2Fcomments&post=87"}],"version-history":[{"count":10,"href":"https:\/\/www.institutogenesis.edu.co\/index.php?rest_route=\/wp\/v2\/pages\/87\/revisions"}],"predecessor-version":[{"id":225,"href":"https:\/\/www.institutogenesis.edu.co\/index.php?rest_route=\/wp\/v2\/pages\/87\/revisions\/225"}],"wp:attachment":[{"href":"https:\/\/www.institutogenesis.edu.co\/index.php?rest_route=%2Fwp%2Fv2%2Fmedia&parent=87"}],"curies":[{"name":"wp","href":"https:\/\/api.w.org\/{rel}","templated":true}]}}