{"id":68,"date":"2022-01-19T00:29:18","date_gmt":"2022-01-19T00:29:18","guid":{"rendered":"https:\/\/www.institutogenesis.edu.co\/?page_id=68"},"modified":"2024-02-13T21:29:48","modified_gmt":"2024-02-13T21:29:48","slug":"nuestras-sedes","status":"publish","type":"page","link":"https:\/\/www.institutogenesis.edu.co\/?page_id=68","title":{"rendered":"Nuestras Sedes"},"content":{"rendered":"\n\n\n<h1><font style=\"vertical-align: inherit;\"><font style=\"vertical-align: inherit;\">Nuestras Sedes<\/font><\/font><\/h1>\n\n\n<h6><font color=\"#070606\" face=\"Ubuntu\"><span style=\"font-size: 16px;\"><span style=\"font-weight: normal;\">El Instituto G\u00e9nesis, es una entidad aprobada por la Secretaria de Educaci\u00f3n y Cultura del Municipio de Soacha (Cundinamarca) y se enmarca en la educaci\u00f3n de j\u00f3venes y adultos, desde una perspectiva humanista.<\/span><\/span><\/font><\/h6><h6><p style=\"font-weight: 400;\"><span style=\"font-weight: bolder;\">Resoluci\u00f3n 1568 del 05 de Agosto de 2015<\/span><\/p><p style=\"font-weight: 400;\"><span style=\"font-weight: bolder;\">C\u00f3digo DANE: 325754005587<\/span><\/p><p style=\"font-weight: 400;\"><span style=\"font-weight: bolder;\">C\u00f3digo ICFES: 6633534<\/span><\/p><\/h6>\n\n\n\n\n\n<h6><span style=\"color: rgb(7, 6, 6); font-family: Ubuntu; font-size: 16px; font-weight: normal;\">El Instituto G\u00e9nesis, es una entidad aprobada por la Secretaria de Educaci\u00f3n y Cultura del Municipio del Tolima y se enmarca en la educaci\u00f3n de j\u00f3venes y adultos, desde una perspectiva humanista en el municipio del Espinal.<\/span><br><\/h6><p><strong>Resoluci\u00f3n 1661 del 18 de marzo de 2015<\/strong><\/p><p><strong>C\u00f3digo DANE: 373268001795<\/strong><\/p><p><strong>C\u00f3digo ICFES: 663138<\/strong><\/p>\n\n\n\n\n\n\n","protected":false},"excerpt":{"rendered":"","protected":false},"author":1,"featured_media":0,"parent":0,"menu_order":0,"comment_status":"closed","ping_status":"closed","template":"","meta":{"pagelayer_contact_templates":[],"_pagelayer_content":"","footnotes":""},"class_list":["post-68","page","type-page","status-publish","hentry"],"_links":{"self":[{"href":"https:\/\/www.institutogenesis.edu.co\/index.php?rest_route=\/wp\/v2\/pages\/68","targetHints":{"allow":["GET"]}}],"collection":[{"href":"https:\/\/www.institutogenesis.edu.co\/index.php?rest_route=\/wp\/v2\/pages"}],"about":[{"href":"https:\/\/www.institutogenesis.edu.co\/index.php?rest_route=\/wp\/v2\/types\/page"}],"author":[{"embeddable":true,"href":"https:\/\/www.institutogenesis.edu.co\/index.php?rest_route=\/wp\/v2\/users\/1"}],"replies":[{"embeddable":true,"href":"https:\/\/www.institutogenesis.edu.co\/index.php?rest_route=%2Fwp%2Fv2%2Fcomments&post=68"}],"version-history":[{"count":22,"href":"https:\/\/www.institutogenesis.edu.co\/index.php?rest_route=\/wp\/v2\/pages\/68\/revisions"}],"predecessor-version":[{"id":527,"href":"https:\/\/www.institutogenesis.edu.co\/index.php?rest_route=\/wp\/v2\/pages\/68\/revisions\/527"}],"wp:attachment":[{"href":"https:\/\/www.institutogenesis.edu.co\/index.php?rest_route=%2Fwp%2Fv2%2Fmedia&parent=68"}],"curies":[{"name":"wp","href":"https:\/\/api.w.org\/{rel}","templated":true}]}}