{"id":591,"date":"2024-11-19T22:01:06","date_gmt":"2024-11-19T22:01:06","guid":{"rendered":"https:\/\/www.institutogenesis.edu.co\/?page_id=591"},"modified":"2024-11-19T22:01:06","modified_gmt":"2024-11-19T22:01:06","slug":"sede-kennedy","status":"publish","type":"page","link":"https:\/\/www.institutogenesis.edu.co\/?page_id=591","title":{"rendered":"SEDE KENNEDY"},"content":{"rendered":"\n\n\n\n\n<p><font style=\"vertical-align: inherit;\"><font style=\"vertical-align: inherit;\">SeDE KENNEDY<\/font><\/font><\/p>\n\n\n\n<p [object NamedNodeMap]><span lang=\"ES\" style=\"font-size:12.0pt;font-family:&quot;Times New Roman&quot;,serif;mso-fareast-font-family:\n&quot;Times New Roman&quot;;mso-fareast-language:ES\"><font style=\"vertical-align: inherit;\"><font style=\"vertical-align: inherit;\">El Instituto G\u00e9nesis, es una entidad aprobada por la Secretar\u00eda de Educaci\u00f3n de Bogot\u00e1, Direcci\u00f3n Local de Educaci\u00f3n de Kennedy se enmarca en la educaci\u00f3n de j\u00f3venes y adultos.<\/font><\/font><\/span><\/p>\n\n\n\nAULAS DE CLASE SEDE BOGOT\u00c1\n\n\n\n\n\n<p [object NamedNodeMap]><font style=\"vertical-align: inherit;\"><font style=\"vertical-align: inherit;\"><font style=\"vertical-align: inherit;\"><font style=\"vertical-align: inherit;\">Atenci\u00f3n los d\u00edas Viernes de 09:00am a 1:00pm<\/font><\/font><\/font><\/font><\/p>\n\n\n\n\n\nPROGRAMAS DISPONIBLES EN ESTA SEDE:\n\n\n\n<p>PRIMARIA EXTRA &#8211; EDAD<\/p>\n\n\n\n<p>BACHILLERATO PARA JOVENES Y ADULTOS<\/p>\n\n\n\n<p>TECNICO LABORAL POR COMPETENCIAS CONVENIO POLITECNICO GENESIS.<\/p>\n\n\n\n<p><br><\/p>\n\n\n\n<p>MATRICULAS ABIERTAS 2025<\/p>\n\n\n\n\n\n\n\n<p><font style=\"vertical-align: inherit;\"><font style=\"vertical-align: inherit;\">Aportar al desarrollo social, cultural y econ\u00f3mico de la localidad de Kennedy, ofreciendo a j\u00f3venes ya adultos oportunidades de formaci\u00f3n y consolidaci\u00f3n como ser humano y ser competente cultural y socialmente, posibilitando sistem\u00e1tica y formalmente su promoci\u00f3n oportuna con eficacia y eficiencia.<\/font><\/font><\/p>\n\n\n\n<p><font style=\"vertical-align: inherit;\"><font style=\"vertical-align: inherit;\">El INSTITUTO EDUCATIVO PARA J\u00d3VENES Y ADULTOS DE BOGOT\u00c1, en el a\u00f1o 2025 ser\u00e1 un centro de alta calidad, con identidad propia, l\u00edder en los procesos de formaci\u00f3n, capaz de asimilar nuevos paradigmas y de aplicar el saber innovador; enmarcada dentro de principios democr\u00e1ticos de justicia, tolerancia, solidaridad y participaci\u00f3n; comprometidos con la transformaci\u00f3n social, econ\u00f3mica y pol\u00edtica; todo lo anterior, para favorecer el bien com\u00fan y el mejoramiento del nivel de vida.<\/font><\/font><\/p>\n\n\n\n<p class=\"MsoNormal\" style=\"margin-bottom: 0cm; line-height: normal; text-align: justify;\"><span lang=\"ES\" style=\"font-size:12.0pt;font-family:&quot;Times New Roman&quot;,serif;mso-fareast-font-family:\n&quot;Times New Roman&quot;;mso-fareast-language:ES\"><font style=\"vertical-align: inherit;\"><font style=\"vertical-align: inherit;\"><font style=\"vertical-align: inherit;\"><font style=\"vertical-align: inherit;\">Nuestro Colegio se encuentra ubicado en <span style=\"color:#0047b2;\"><a href=\"https:\/\/www.google.com\/maps\/place\/Institucion+para+Jovenes+y+Adultos+Genesis+sede+Kennedy\/data=!3m5!1e2!3m3!1sAF1QipPPmqPdh0FVlTAdBVvRuFKCI1B3fjHD_PWvmxL0!2e10!6shttps:%2F%2Fgz0.googleusercontent.com%2Fp%2FAF1QipPPmqPdh0FVlTAdBVvRuFKCI1B3fjHD_PWvmxL0%3Dw432-h324-k-no!4m7!3m6!1s0x8e3f9f002321f4af:0x68eb4367e118550b!8m2!3d4.6191889999999995!4d-74.1543934!10e5!16s%2Fg%2F11lf3r2fd8?g_ep=CAESCjExLjE1NC4xMDMYACDmiAsqdSw5NDI0MjYxNiw5NDIyMzI5OSw5NDIxNjQxMyw5NDIxMjQ5Niw5NDIwNzM5NCw5NDIwNzUwNiw5NDIwODUwNiw5NDIxNzUyMyw5NDIxODY1Myw5NDIyOTgzOSw0NzA4NzExOCw0NzA4NDM5Myw5NDIxMzIwMEICQ08%3D\">Tv 78b #40c sur &#8211; 41&nbsp;<\/a><\/span><a href=\"https:\/\/www.google.com\/maps\/place\/Institucion+para+Jovenes+y+Adultos+Genesis+sede+Kennedy\/data=!3m5!1e2!3m3!1sAF1QipPPmqPdh0FVlTAdBVvRuFKCI1B3fjHD_PWvmxL0!2e10!6shttps:%2F%2Fgz0.googleusercontent.com%2Fp%2FAF1QipPPmqPdh0FVlTAdBVvRuFKCI1B3fjHD_PWvmxL0%3Dw432-h324-k-no!4m7!3m6!1s0x8e3f9f002321f4af:0x68eb4367e118550b!8m2!3d4.6191889999999995!4d-74.1543934!10e5!16s%2Fg%2F11lf3r2fd8?g_ep=CAESCjExLjE1NC4xMDMYACDmiAsqdSw5NDI0MjYxNiw5NDIyMzI5OSw5NDIxNjQxMyw5NDIxMjQ5Niw5NDIwNzM5NCw5NDIwNzUwNiw5NDIwODUwNiw5NDIxNzUyMyw5NDIxODY1Myw5NDIyOTgzOSw0NzA4NzExOCw0NzA4NDM5Myw5NDIxMzIwMEICQ08%3D\"><\/a><\/font><\/font><\/font><\/font><strong><font style=\"vertical-align: inherit;\"><font style=\"vertical-align: inherit;\"><font style=\"vertical-align: inherit;\"><font style=\"vertical-align: inherit;\">,<\/font><\/font><\/font><\/font><\/strong><font style=\"vertical-align: inherit;\"><font style=\"vertical-align: inherit;\"><font style=\"vertical-align: inherit;\"><font style=\"vertical-align: inherit;\"> desde all\u00ed hemos realizado nuestra labor con esmero y dedicaci\u00f3n, estableciendo convenios con entidades de educaci\u00f3n media, t\u00e9cnica, tecnol\u00f3gica y superior que nos permite operar de manera presencial, abierta ya distancia. siguiendo los est\u00e1ndares nacionales y claro es el Decreto 3011 de 1997.<\/font><\/font><\/font><\/font><o:p><\/o:p><\/span><\/p><p class=\"MsoNormal\" style=\"margin-bottom: 0cm; line-height: normal; text-align: justify;\"><span style=\"font-family: &quot;Times New Roman&quot;, serif; font-size: 12pt;\"><font style=\"vertical-align: inherit;\"><font style=\"vertical-align: inherit;\"><font style=\"vertical-align: inherit;\"><font style=\"vertical-align: inherit;\">Bajo la direcci\u00f3n de Nuestro Rector <\/font><\/font><\/font><\/font><\/span><strong><font style=\"vertical-align: inherit;\"><font style=\"vertical-align: inherit;\"><font style=\"vertical-align: inherit;\"><font style=\"vertical-align: inherit;\">CARLOS IGNACIO SABOGAL TAMAYO <\/font><\/font><\/font><\/font><\/strong><span style=\"font-family: &quot;Times New Roman&quot;, serif; font-size: 12pt;\"><font style=\"vertical-align: inherit;\"><font style=\"vertical-align: inherit;\"><font style=\"vertical-align: inherit;\"><font style=\"vertical-align: inherit;\">, se ha creado este proyecto pensando en la educaci\u00f3n para el futuro, es por ello que el Instituto G\u00e9nesis presenta su misi\u00f3n y visi\u00f3n.&nbsp;<\/font><\/font><\/font><\/font><\/span><br><\/p>\n\n\n\n\n\n\n\n\n\n\n","protected":false},"excerpt":{"rendered":"","protected":false},"author":1,"featured_media":0,"parent":21,"menu_order":0,"comment_status":"open","ping_status":"closed","template":"","meta":{"pagelayer_contact_templates":[],"_pagelayer_content":"","footnotes":""},"class_list":["post-591","page","type-page","status-publish","hentry"],"_links":{"self":[{"href":"https:\/\/www.institutogenesis.edu.co\/index.php?rest_route=\/wp\/v2\/pages\/591","targetHints":{"allow":["GET"]}}],"collection":[{"href":"https:\/\/www.institutogenesis.edu.co\/index.php?rest_route=\/wp\/v2\/pages"}],"about":[{"href":"https:\/\/www.institutogenesis.edu.co\/index.php?rest_route=\/wp\/v2\/types\/page"}],"author":[{"embeddable":true,"href":"https:\/\/www.institutogenesis.edu.co\/index.php?rest_route=\/wp\/v2\/users\/1"}],"replies":[{"embeddable":true,"href":"https:\/\/www.institutogenesis.edu.co\/index.php?rest_route=%2Fwp%2Fv2%2Fcomments&post=591"}],"version-history":[{"count":3,"href":"https:\/\/www.institutogenesis.edu.co\/index.php?rest_route=\/wp\/v2\/pages\/591\/revisions"}],"predecessor-version":[{"id":600,"href":"https:\/\/www.institutogenesis.edu.co\/index.php?rest_route=\/wp\/v2\/pages\/591\/revisions\/600"}],"up":[{"embeddable":true,"href":"https:\/\/www.institutogenesis.edu.co\/index.php?rest_route=\/wp\/v2\/pages\/21"}],"wp:attachment":[{"href":"https:\/\/www.institutogenesis.edu.co\/index.php?rest_route=%2Fwp%2Fv2%2Fmedia&parent=591"}],"curies":[{"name":"wp","href":"https:\/\/api.w.org\/{rel}","templated":true}]}}