{"id":347,"date":"2022-02-22T03:30:28","date_gmt":"2022-02-22T03:30:28","guid":{"rendered":"https:\/\/www.institutogenesis.edu.co\/?page_id=347"},"modified":"2022-03-04T22:38:36","modified_gmt":"2022-03-04T22:38:36","slug":"pruebas-saber-11-icfes","status":"publish","type":"page","link":"https:\/\/www.institutogenesis.edu.co\/?page_id=347","title":{"rendered":"Pruebas Saber 11 \u2013 ICFES"},"content":{"rendered":"\n\n\n<h2>Pruebas Saber 11 \u2013 ICFES<\/h2>\n\n\n\n\n<p><span style=\"font-size:11.0pt;line-height:107%;\nfont-family:&quot;Calibri&quot;,sans-serif;mso-ascii-theme-font:minor-latin;mso-fareast-font-family:\nCalibri;mso-fareast-theme-font:minor-latin;mso-hansi-theme-font:minor-latin;\nmso-bidi-font-family:&quot;Times New Roman&quot;;mso-bidi-theme-font:minor-bidi;\nmso-ansi-language:ES-CO;mso-fareast-language:EN-US;mso-bidi-language:AR-SA\">A\ncontinuaci\u00f3n, encontrar\u00e1 la informaci\u00f3n de las Pruebas Saber 11 \u2013 ICFES y todo\nlo que conlleva su presentaci\u00f3n de las mismas.<span style=\"font-size:medium;\"><\/span><\/span><br><\/p>\n\n\n","protected":false},"excerpt":{"rendered":"","protected":false},"author":1,"featured_media":0,"parent":0,"menu_order":0,"comment_status":"closed","ping_status":"closed","template":"","meta":{"pagelayer_contact_templates":[],"_pagelayer_content":"","footnotes":""},"class_list":["post-347","page","type-page","status-publish","hentry"],"_links":{"self":[{"href":"https:\/\/www.institutogenesis.edu.co\/index.php?rest_route=\/wp\/v2\/pages\/347","targetHints":{"allow":["GET"]}}],"collection":[{"href":"https:\/\/www.institutogenesis.edu.co\/index.php?rest_route=\/wp\/v2\/pages"}],"about":[{"href":"https:\/\/www.institutogenesis.edu.co\/index.php?rest_route=\/wp\/v2\/types\/page"}],"author":[{"embeddable":true,"href":"https:\/\/www.institutogenesis.edu.co\/index.php?rest_route=\/wp\/v2\/users\/1"}],"replies":[{"embeddable":true,"href":"https:\/\/www.institutogenesis.edu.co\/index.php?rest_route=%2Fwp%2Fv2%2Fcomments&post=347"}],"version-history":[{"count":4,"href":"https:\/\/www.institutogenesis.edu.co\/index.php?rest_route=\/wp\/v2\/pages\/347\/revisions"}],"predecessor-version":[{"id":390,"href":"https:\/\/www.institutogenesis.edu.co\/index.php?rest_route=\/wp\/v2\/pages\/347\/revisions\/390"}],"wp:attachment":[{"href":"https:\/\/www.institutogenesis.edu.co\/index.php?rest_route=%2Fwp%2Fv2%2Fmedia&parent=347"}],"curies":[{"name":"wp","href":"https:\/\/api.w.org\/{rel}","templated":true}]}}