{"id":314,"date":"2022-02-22T02:28:54","date_gmt":"2022-02-22T02:28:54","guid":{"rendered":"https:\/\/www.institutogenesis.edu.co\/?page_id=314"},"modified":"2022-03-04T22:48:43","modified_gmt":"2022-03-04T22:48:43","slug":"tramites","status":"publish","type":"page","link":"https:\/\/www.institutogenesis.edu.co\/?page_id=314","title":{"rendered":"Tramites"},"content":{"rendered":"\n\n\n<h1>Tramites<\/h1>\n<p style=\"text-align: center;\"><span style=\"font-size:medium;\"><strong><p style=\"text-align: center;\">En este sitio encontrar\u00e1s todos los servicios que ofrece el Instituto G\u00e9nesis&nbsp; para estudiantes, egresados, padres, profesores,&nbsp; colaboradores o interesados.<\/p><p style=\"text-align: center;\"><br><\/p><p style=\"text-align: center;\">Para facilitar tu b\u00fasqueda, hemos agrupado los servicios en 3 categor\u00edas y al hacer clic en cada uno de ellos, encontrar\u00e1s los canales de contacto espec\u00edficos.<\/p><\/strong><\/span><p><\/p><\/p>\n\n\n<h2>Solicitudes<\/h2>\n<h6><span style=\"color: rgb(7, 6, 6); font-family: Ubuntu; font-size: 16px;\">Aqui podras diligenciar toda la informacion correspondiente&nbsp; a tus solicitudes que requieran nuestra atenci\u00f3n.<\/span><br><\/h6>\n\n\n\n<h2>Matriculas<\/h2>\n<h6><font color=\"#070606\" face=\"Ubuntu\"><span style=\"font-size: 16px;\">Encuentra informaci\u00f3n sobre los aspectos clave de tu paso por el Instituto.<\/span><\/font><br><\/h6>\n\n\n\n<h2 style=\"text-decoration-style: initial;\">Pruebas Saber 11 \u2013 ICFES<\/h2>\n<h6><font color=\"#070606\" face=\"Ubuntu\"><span style=\"font-size: 16px;\">A continuaci\u00f3n, encontrar\u00e1 la informaci\u00f3n de las Pruebas Saber 11 \u2013 ICFES y todo lo que conlleva su presentaci\u00f3n de las mismas.<\/span><\/font><br><\/h6>\n\n\n\n\n\n","protected":false},"excerpt":{"rendered":"","protected":false},"author":1,"featured_media":0,"parent":0,"menu_order":0,"comment_status":"closed","ping_status":"closed","template":"","meta":{"pagelayer_contact_templates":[],"_pagelayer_content":"","footnotes":""},"class_list":["post-314","page","type-page","status-publish","hentry"],"_links":{"self":[{"href":"https:\/\/www.institutogenesis.edu.co\/index.php?rest_route=\/wp\/v2\/pages\/314","targetHints":{"allow":["GET"]}}],"collection":[{"href":"https:\/\/www.institutogenesis.edu.co\/index.php?rest_route=\/wp\/v2\/pages"}],"about":[{"href":"https:\/\/www.institutogenesis.edu.co\/index.php?rest_route=\/wp\/v2\/types\/page"}],"author":[{"embeddable":true,"href":"https:\/\/www.institutogenesis.edu.co\/index.php?rest_route=\/wp\/v2\/users\/1"}],"replies":[{"embeddable":true,"href":"https:\/\/www.institutogenesis.edu.co\/index.php?rest_route=%2Fwp%2Fv2%2Fcomments&post=314"}],"version-history":[{"count":13,"href":"https:\/\/www.institutogenesis.edu.co\/index.php?rest_route=\/wp\/v2\/pages\/314\/revisions"}],"predecessor-version":[{"id":397,"href":"https:\/\/www.institutogenesis.edu.co\/index.php?rest_route=\/wp\/v2\/pages\/314\/revisions\/397"}],"wp:attachment":[{"href":"https:\/\/www.institutogenesis.edu.co\/index.php?rest_route=%2Fwp%2Fv2%2Fmedia&parent=314"}],"curies":[{"name":"wp","href":"https:\/\/api.w.org\/{rel}","templated":true}]}}