{"id":25,"date":"2022-01-17T23:55:22","date_gmt":"2022-01-17T23:55:22","guid":{"rendered":"https:\/\/www.institutogenesis.edu.co\/about\/"},"modified":"2023-11-01T22:23:09","modified_gmt":"2023-11-01T22:23:09","slug":"about","status":"publish","type":"page","link":"https:\/\/www.institutogenesis.edu.co\/?page_id=25","title":{"rendered":"Sobre Nosotros"},"content":{"rendered":"\n\n\n<h4>Qui\u00e9nes Somos<\/h4>\n\n\n\n\n\n\n\n<p>CARLOS IGNACIO SABOGAL TAMAYO<\/p>\n<p class=\"MsoNormal\">Inspirado por la educaci\u00f3n de los j\u00f3venes y adultos funda en\n2015 el colegio g\u00e9nesis para establecer un puente hacia el fortalecimiento de\nlos valores, la sana convivencia y el humanismo en los estudiantes que integran\nsus aulas.<\/p>\n<p class=\"MsoNormal\"><br><\/p>\n<p class=\"MsoNormal\"><o:p><\/o:p><\/p><p class=\"MsoNormal\">Economista de profesi\u00f3n, magister en ciencias financieras y\nsistemas, especialista en gesti\u00f3n de proyectos educativos y doctor honoris\ncausa en administraci\u00f3n educativa otorgada por el concejo municipal de Tulu\u00e1.<\/p>\n<p\u00a0class=\"msonormal\">\n<\/p\u00a0class=\"msonormal\">\n<p class=\"MsoNormal\"><br><\/p>\n<p class=\"MsoNormal\"><font style=\"vertical-align: inherit;\"><font style=\"vertical-align: inherit;\">Siempre ha estado inmerso en la cultura de educaci\u00f3n donde se ha desempe\u00f1ado como director de la facultad de econom\u00eda de la Universidad Aut\u00f3noma de Colombia y como rector en otras instituciones educativas que le han permitido tener la experiencia para liderar procesos de alta educaci\u00f3n, calidad educativa y sobre todo en incentivar la educaci\u00f3n a poblaci\u00f3n de bajos recursos.<\/font><\/font><\/p>\n<p><br><\/p>\n<p class=\"MsoNormal\"><o:p><\/o:p><\/p><p>\n\n\n\n\n\n<\/p><p class=\"MsoNormal\">Actualmente es el rector del <strong>INSTITUTO DE EDUCACI\u00d3N PARA\nJ\u00d3VENES Y ADULTOS GENESIS<\/strong> y de la <strong>CORPORACI\u00d3N EDUCATIVA POLIT\u00c9CNICO\nGENESIS.<\/strong><o:p><\/o:p><\/p>\n\n\n<p pagelayer-id=\"24c4099\" class=\"p-24c4099 pagelayer-heading\" align=\"center\" style=\"transition-property: all; text-align: center; position: relative; left: 575px; transform: translateX(-50%); height: auto; width: 700px;\"><p class=\"pagelayer-heading-holder\"><p style=\"text-align: center;\"><font style=\"vertical-align: inherit;\"><font style=\"vertical-align: inherit;\">El Instituto \u00abG\u00e9nesis\u00bb pretende ser un oasis de paz, ciencia y cultura para todos los miembros de la comunidad educativa y para los vecinos del sector. <\/font><font style=\"vertical-align: inherit;\">Tendr\u00e1 sus puertas abiertas siempre a todas las inquietudes y necesidades comunitarias.<\/font><\/font><\/p><\/p><\/p><p pagelayer-id=\"iec7499\" class=\"p-iec7499 pagelayer-heading\" align=\"center\" style=\"transition-property: all; text-align: center; position: relative; left: 575px; transform: translateX(-50%); height: auto; width: 700px;\"><p class=\"pagelayer-heading-holder\"><p style=\"text-align: center;\"><font style=\"vertical-align: inherit;\"><font style=\"vertical-align: inherit;\">Donde se desarrollan ciclos de aprendizaje para la ense\u00f1anza de j\u00f3venes y adultos enfocados a la educaci\u00f3n media vocacional, en jornadas de fines de semana, diurna y nocturna.<\/font><\/font><\/p><\/p><\/p>\n\n\n\n\n","protected":false},"excerpt":{"rendered":"","protected":false},"author":0,"featured_media":0,"parent":0,"menu_order":0,"comment_status":"closed","ping_status":"closed","template":"","meta":{"pagelayer_contact_templates":[],"_pagelayer_content":"","footnotes":""},"class_list":["post-25","page","type-page","status-publish","hentry"],"_links":{"self":[{"href":"https:\/\/www.institutogenesis.edu.co\/index.php?rest_route=\/wp\/v2\/pages\/25","targetHints":{"allow":["GET"]}}],"collection":[{"href":"https:\/\/www.institutogenesis.edu.co\/index.php?rest_route=\/wp\/v2\/pages"}],"about":[{"href":"https:\/\/www.institutogenesis.edu.co\/index.php?rest_route=\/wp\/v2\/types\/page"}],"replies":[{"embeddable":true,"href":"https:\/\/www.institutogenesis.edu.co\/index.php?rest_route=%2Fwp%2Fv2%2Fcomments&post=25"}],"version-history":[{"count":16,"href":"https:\/\/www.institutogenesis.edu.co\/index.php?rest_route=\/wp\/v2\/pages\/25\/revisions"}],"predecessor-version":[{"id":476,"href":"https:\/\/www.institutogenesis.edu.co\/index.php?rest_route=\/wp\/v2\/pages\/25\/revisions\/476"}],"wp:attachment":[{"href":"https:\/\/www.institutogenesis.edu.co\/index.php?rest_route=%2Fwp%2Fv2%2Fmedia&parent=25"}],"curies":[{"name":"wp","href":"https:\/\/api.w.org\/{rel}","templated":true}]}}