{"id":22,"date":"2022-01-17T23:55:22","date_gmt":"2022-01-17T23:55:22","guid":{"rendered":"https:\/\/www.institutogenesis.edu.co\/courses\/"},"modified":"2023-11-01T22:18:37","modified_gmt":"2023-11-01T22:18:37","slug":"oferta-educativa","status":"publish","type":"page","link":"https:\/\/www.institutogenesis.edu.co\/?page_id=22","title":{"rendered":"Oferta Educativa"},"content":{"rendered":"\n\n\n<h2>Oferta Educativa<\/h2>\n\n<p>El Instituto \u00abG\u00e9nesis\u00bb pretende ser un oasis de paz, ciencia y cultura para todos los miembros de la comunidad educativa y para los vecinos del sector. Tendr\u00e1 sus puertas abiertas siempre a todas las inquietudes y necesidades comunitarias.<\/p>\n<p>Donde se desarrollan ciclos de aprendizaje para la ense\u00f1anza de j\u00f3venes y adultos enfocados a la educaci\u00f3n media vocacional, en jornadas de fines de semana, diurna y nocturna.<br><\/p>\n<h6>Primaria Y Bachillerato Por Ciclos<\/h6>\n\n\n<h6>Primaria Y Bachillerato Por Ciclos<\/h6>\n\nCiclo 1: Grados Primero, Segundo y Tercero (1\u00b0, 2\u00b0 y 3\u00b0)\nCiclo 2: Grados Cuarto y Quinto (4\u00b0 y 5\u00b0)\n\n\n\n<h6>Bachillerato<\/h6>\n\nCiclo 3: Grados Sexto y S\u00e9ptimo (6\u00b0 y 7\u00b0)\nCiclo 4: Grados Octavo y Noveno (8\u00b0 y 9\u00b0)\nCiclo 5: Grado D\u00e9cimo (10\u00b0)\nCiclo 6: Grado Und\u00e9cimo (11\u00b0)\n\n\n\n\n\n\n\n{\u00abtitle\u00bb:\u00bbMenu\u00bb,\u00bbnav_menu\u00bb:\u00bb2&#8243;}\n\n\n","protected":false},"excerpt":{"rendered":"","protected":false},"author":1,"featured_media":0,"parent":0,"menu_order":0,"comment_status":"closed","ping_status":"closed","template":"","meta":{"pagelayer_contact_templates":[],"_pagelayer_content":"","footnotes":""},"class_list":["post-22","page","type-page","status-publish","hentry"],"_links":{"self":[{"href":"https:\/\/www.institutogenesis.edu.co\/index.php?rest_route=\/wp\/v2\/pages\/22","targetHints":{"allow":["GET"]}}],"collection":[{"href":"https:\/\/www.institutogenesis.edu.co\/index.php?rest_route=\/wp\/v2\/pages"}],"about":[{"href":"https:\/\/www.institutogenesis.edu.co\/index.php?rest_route=\/wp\/v2\/types\/page"}],"author":[{"embeddable":true,"href":"https:\/\/www.institutogenesis.edu.co\/index.php?rest_route=\/wp\/v2\/users\/1"}],"replies":[{"embeddable":true,"href":"https:\/\/www.institutogenesis.edu.co\/index.php?rest_route=%2Fwp%2Fv2%2Fcomments&post=22"}],"version-history":[{"count":13,"href":"https:\/\/www.institutogenesis.edu.co\/index.php?rest_route=\/wp\/v2\/pages\/22\/revisions"}],"predecessor-version":[{"id":474,"href":"https:\/\/www.institutogenesis.edu.co\/index.php?rest_route=\/wp\/v2\/pages\/22\/revisions\/474"}],"wp:attachment":[{"href":"https:\/\/www.institutogenesis.edu.co\/index.php?rest_route=%2Fwp%2Fv2%2Fmedia&parent=22"}],"curies":[{"name":"wp","href":"https:\/\/api.w.org\/{rel}","templated":true}]}}