{"id":120,"date":"2022-01-19T13:22:41","date_gmt":"2022-01-19T13:22:41","guid":{"rendered":"https:\/\/www.institutogenesis.edu.co\/?page_id=120"},"modified":"2022-03-04T22:44:39","modified_gmt":"2022-03-04T22:44:39","slug":"solicitudes","status":"publish","type":"page","link":"https:\/\/www.institutogenesis.edu.co\/?page_id=120","title":{"rendered":"Solicitudes"},"content":{"rendered":"\n\n\n<h2>Solicitudes<\/h2>\n<p>Aqu\u00ed podr\u00e1s diligenciar toda la informaci\u00f3n correspondiente a tus solicitudes que requieran nuestra atenci\u00f3n.<\/p>\n\n\n\n\n<iframe loading=\"lazy\" src=\"https:\/\/docs.google.com\/forms\/d\/e\/1FAIpQLSfdNMeGZfpApxgFX2L-5EohfZvVoZVXpNEZ_z4v4Id0TqwSyg\/viewform?embedded=true\" width=\"640\" height=\"2036\" frameborder=\"0\" marginheight=\"0\" marginwidth=\"0\">Cargando\u2026<\/iframe>\n\n\n","protected":false},"excerpt":{"rendered":"","protected":false},"author":1,"featured_media":0,"parent":0,"menu_order":0,"comment_status":"closed","ping_status":"closed","template":"","meta":{"pagelayer_contact_templates":[],"_pagelayer_content":"","footnotes":""},"class_list":["post-120","page","type-page","status-publish","hentry"],"_links":{"self":[{"href":"https:\/\/www.institutogenesis.edu.co\/index.php?rest_route=\/wp\/v2\/pages\/120","targetHints":{"allow":["GET"]}}],"collection":[{"href":"https:\/\/www.institutogenesis.edu.co\/index.php?rest_route=\/wp\/v2\/pages"}],"about":[{"href":"https:\/\/www.institutogenesis.edu.co\/index.php?rest_route=\/wp\/v2\/types\/page"}],"author":[{"embeddable":true,"href":"https:\/\/www.institutogenesis.edu.co\/index.php?rest_route=\/wp\/v2\/users\/1"}],"replies":[{"embeddable":true,"href":"https:\/\/www.institutogenesis.edu.co\/index.php?rest_route=%2Fwp%2Fv2%2Fcomments&post=120"}],"version-history":[{"count":9,"href":"https:\/\/www.institutogenesis.edu.co\/index.php?rest_route=\/wp\/v2\/pages\/120\/revisions"}],"predecessor-version":[{"id":392,"href":"https:\/\/www.institutogenesis.edu.co\/index.php?rest_route=\/wp\/v2\/pages\/120\/revisions\/392"}],"wp:attachment":[{"href":"https:\/\/www.institutogenesis.edu.co\/index.php?rest_route=%2Fwp%2Fv2%2Fmedia&parent=120"}],"curies":[{"name":"wp","href":"https:\/\/api.w.org\/{rel}","templated":true}]}}